{"id":549,"date":"2023-10-26T15:46:08","date_gmt":"2023-10-26T15:46:08","guid":{"rendered":"https:\/\/deinkruemelchen.de.46-4-31-26.web201.enerspace.de\/experten\/?page_id=549"},"modified":"2025-01-04T19:20:30","modified_gmt":"2025-01-04T18:20:30","slug":"beratungsangebote","status":"publish","type":"page","link":"https:\/\/deinkruemelchen.de\/experten\/beratungsangebote","title":{"rendered":"Beratungsangebote"},"content":{"rendered":"<section id=\"section-695-549\" class=\" ct-section\" ><div class=\"ct-section-inner-wrap\"><div id=\"new_columns-699-549\" class=\"ct-new-columns\" ><div id=\"div_block-700-549\" class=\"ct-div-block\" ><img decoding=\"async\"  id=\"image-702-549\" alt=\"Beratungsangebote in M\u00fclheim an der Ruhr\" src=\"https:\/\/deinkruemelchen.de\/experten\/wp-content\/uploads\/2025\/09\/WhatsApp-Image-2025-09-21-at-15.17.21.jpeg\" class=\"ct-image k-image\" srcset-disabled=\"https:\/\/deinkruemelchen.de\/experten\/wp-content\/uploads\/2025\/09\/WhatsApp-Image-2025-09-21-at-15.17.21.jpeg 1440w, https:\/\/deinkruemelchen.de\/experten\/wp-content\/uploads\/2025\/09\/WhatsApp-Image-2025-09-21-at-15.17.21-225x300.jpeg 225w, https:\/\/deinkruemelchen.de\/experten\/wp-content\/uploads\/2025\/09\/WhatsApp-Image-2025-09-21-at-15.17.21-768x1024.jpeg 768w, https:\/\/deinkruemelchen.de\/experten\/wp-content\/uploads\/2025\/09\/WhatsApp-Image-2025-09-21-at-15.17.21-1152x1536.jpeg 1152w\" sizes=\"(max-width: 1440px) 100vw, 1440px\"  alt=\"Beratungsangebote in M\u00fclheim an der Ruhr\" title=\"Beratungsangebote in M\u00fclheim an der Ruhr\"\/><\/div><div id=\"div_block-701-549\" class=\"ct-div-block\" ><h1 id=\"headline-207-549\" class=\"ct-headline \">Beratungsangebote<\/h1><p id=\"text_block-208-549\" class=\"ct-text-block\" >Von der Babytrage bis zum Schulranzen. Dank unserer Beratungsangebote in M\u00fclheim an der Ruhr seid ihr und euer Kind immer sicher und beh\u00fctet unterwegs ausgestattet.<\/p><div id=\"_rich_text-694-549\" class=\"oxy-rich-text\" ><p>Von der ersten Babytrage, im Kinderwagen, Babyschale bis hin zum passenden Schulranzen oder Rucksack f\u00fcr die weiterf\u00fchrende Schule \u2013 wir begleiten Euch auf jedem Schritt Eurer Familienreise. Mit unseren individuellen Beratungsangeboten sorgen wir daf\u00fcr, dass Ihr und Euer Kind immer sicher, bequem und bestens ausgestattet unterwegs seid. Unsere Expertise und pers\u00f6nliche Beratung stellen sicher, dass Ihr die besten Entscheidungen f\u00fcr die Gesundheit und das Wohlbefinden Eures Kindes trefft. Entdeckt unser vielf\u00e4ltiges Angebot und lasst Euch von uns auf diesem wichtigen Weg unterst\u00fctzen.<\/p><\/div><a id=\"link_button-520-549\" class=\"ct-link-button\" href=\"#angebote\" target=\"_self\"  >Angebote entdecken<\/a><\/div><\/div><\/div><\/section><section id=\"angebote\" class=\" ct-section\" ><div class=\"ct-section-inner-wrap\"><div id=\"div_block-978-549\" class=\"ct-div-block k-content-small\" ><h1 id=\"headline-956-549\" class=\"ct-headline\">Zu diesen Themen bieten wir aktuell Beratungen an<\/h1><\/div><div id=\"_dynamic_list-224-549\" class=\"oxy-dynamic-list\"><article id=\"div_block-225-549-1\" class=\"ct-div-block\" data-id=\"div_block-225-549\"><a id=\"link-226-549-1\" class=\"ct-link k-blog-archive-image\" href=\"https:\/\/deinkruemelchen.de\/experten\/beratungsangebote\/schulranzenberatung\" target=\"_self\" style=\"background-image:url(https:\/\/deinkruemelchen.de\/experten\/wp-content\/uploads\/2023\/10\/AdobeStock_515865308_mit_Hinweis-1024x683.jpg);background-size: cover;\" data-id=\"link-226-549\"><\/a><a id=\"link-231-549-1\" class=\"ct-link\" href=\"https:\/\/deinkruemelchen.de\/experten\/beratungsangebote\/schulranzenberatung\" target=\"_self\" data-id=\"link-231-549\"><h2 id=\"headline-232-549-1\" class=\"ct-headline k-blog-archive-headline\" data-id=\"headline-232-549\"><span id=\"span-233-549\" class=\"ct-span\" >Schulranzenberatung<\/span><\/h2><\/a><p id=\"text_block-234-549-1\" class=\"ct-text-block\" data-id=\"text_block-234-549\"><span id=\"span-235-549\" class=\"ct-span\" >Wir verstehen, wie wichtig die Auswahl des richtigen Schulranzens ist, denn er begleitet Euer Kind auf dem Bildungsweg. Deshalb: unsere pers\u00f6nliche Beratung. Unser erfahrenes Team steht Euch jederzeit zur Seite, um sicherzustellen, dass der Ranzen nicht nur funktional und sicher ist, sondern auch den pers\u00f6nlichen Vorlieben Eures Kindes entspricht.<\/span><\/p><div id=\"div_block-526-549-1\" class=\"ct-div-block\" data-id=\"div_block-526-549\"><a id=\"link_button-945-549-1\" class=\"ct-link-button\" href=\"https:\/\/deinkruemelchen.de\/experten\/beratungsangebote\/schulranzenberatung\" target=\"_self\" data-id=\"link_button-945-549\">weitere Infos<\/a><a id=\"link_button-718-549-1\" class=\"ct-link-button\" href=\"https:\/\/deinkruemelchen.de\/experten\/termin-vereinbaren\" data-id=\"link_button-718-549\">Termin vereinbaren<\/a><\/div><\/article><article id=\"div_block-225-549-2\" class=\"ct-div-block\" data-id=\"div_block-225-549\"><a id=\"link-226-549-2\" class=\"ct-link k-blog-archive-image\" href=\"https:\/\/deinkruemelchen.de\/experten\/beratungsangebote\/kinderwagenberatung\" target=\"_self\" style=\"background-image:url(https:\/\/deinkruemelchen.de\/experten\/wp-content\/uploads\/2023\/10\/IMG_8723-scaled-1-768x1024.jpg);background-size: cover;\" data-id=\"link-226-549\"><\/a><a id=\"link-231-549-2\" class=\"ct-link\" href=\"https:\/\/deinkruemelchen.de\/experten\/beratungsangebote\/kinderwagenberatung\" target=\"_self\" data-id=\"link-231-549\"><h2 id=\"headline-232-549-2\" class=\"ct-headline k-blog-archive-headline\" data-id=\"headline-232-549\"><span id=\"span-233-549\" class=\"ct-span\" >Kinderwagenberatung<\/span><\/h2><\/a><p id=\"text_block-234-549-2\" class=\"ct-text-block\" data-id=\"text_block-234-549\"><span id=\"span-235-549\" class=\"ct-span\" >Die Auswahl an Kinderwagen ist riesig und schnell verliert man den \u00dcberblick. Welches Kinderwagen-Modell passt am besten zu eurem Baby und euch?<\/span><\/p><div id=\"div_block-526-549-2\" class=\"ct-div-block\" data-id=\"div_block-526-549\"><a id=\"link_button-945-549-2\" class=\"ct-link-button\" href=\"https:\/\/deinkruemelchen.de\/experten\/beratungsangebote\/kinderwagenberatung\" target=\"_self\" data-id=\"link_button-945-549\">weitere Infos<\/a><a id=\"link_button-718-549-2\" class=\"ct-link-button\" href=\"https:\/\/deinkruemelchen.de\/experten\/termin-vereinbaren\" data-id=\"link_button-718-549\">Termin vereinbaren<\/a><\/div><\/article><article id=\"div_block-225-549-3\" class=\"ct-div-block\" data-id=\"div_block-225-549\"><a id=\"link-226-549-3\" class=\"ct-link k-blog-archive-image\" href=\"https:\/\/deinkruemelchen.de\/experten\/beratungsangebote\/kindersitzberatung\" target=\"_self\" style=\"background-image:url(https:\/\/deinkruemelchen.de\/experten\/wp-content\/uploads\/2023\/10\/Inga.jpg);background-size: cover;\" data-id=\"link-226-549\"><\/a><a id=\"link-231-549-3\" class=\"ct-link\" href=\"https:\/\/deinkruemelchen.de\/experten\/beratungsangebote\/kindersitzberatung\" target=\"_self\" data-id=\"link-231-549\"><h2 id=\"headline-232-549-3\" class=\"ct-headline k-blog-archive-headline\" data-id=\"headline-232-549\"><span id=\"span-233-549\" class=\"ct-span\" >Kindersitzberatung<\/span><\/h2><\/a><p id=\"text_block-234-549-3\" class=\"ct-text-block\" data-id=\"text_block-234-549\"><span id=\"span-235-549\" class=\"ct-span\" >AB SOFORT KOSTENLOS: Kindersicherheit liegt uns besonders am Herzen, deshalb sind wir in diesem Bereich absolute Experten und der \u00dcberzeugung, dass keine Babyschale oder Kindersitz ohne Beratung, Probesitzen und Probeeinbau gekauft werden sollte.\u00a0<\/span><\/p><div id=\"div_block-526-549-3\" class=\"ct-div-block\" data-id=\"div_block-526-549\"><a id=\"link_button-945-549-3\" class=\"ct-link-button\" href=\"https:\/\/deinkruemelchen.de\/experten\/beratungsangebote\/kindersitzberatung\" target=\"_self\" data-id=\"link_button-945-549\">weitere Infos<\/a><a id=\"link_button-718-549-3\" class=\"ct-link-button\" href=\"https:\/\/deinkruemelchen.de\/experten\/termin-vereinbaren\" data-id=\"link_button-718-549\">Termin vereinbaren<\/a><\/div><\/article><article id=\"div_block-225-549-4\" class=\"ct-div-block\" data-id=\"div_block-225-549\"><a id=\"link-226-549-4\" class=\"ct-link k-blog-archive-image\" href=\"https:\/\/deinkruemelchen.de\/experten\/beratungsangebote\/trageberatung\" target=\"_self\" style=\"background-image:url(https:\/\/deinkruemelchen.de\/experten\/wp-content\/uploads\/2023\/10\/2022-04-30-16.11.34-2-764x1024.jpg);background-size: cover;\" data-id=\"link-226-549\"><\/a><a id=\"link-231-549-4\" class=\"ct-link\" href=\"https:\/\/deinkruemelchen.de\/experten\/beratungsangebote\/trageberatung\" target=\"_self\" data-id=\"link-231-549\"><h2 id=\"headline-232-549-4\" class=\"ct-headline k-blog-archive-headline\" data-id=\"headline-232-549\"><span id=\"span-233-549\" class=\"ct-span\" >Trageberatung<\/span><\/h2><\/a><p id=\"text_block-234-549-4\" class=\"ct-text-block\" data-id=\"text_block-234-549\"><span id=\"span-235-549\" class=\"ct-span\" >Alle unsere Tragen und Traget\u00fccher k\u00f6nnen im Rahmen einer kostenlosen Beratung innerhalb der regul\u00e4ren \u00d6ffnungszeiten ausgiebig getestet werden. Beratungen au\u00dferhalb der \u00d6ffnungszeiten sind Kostenpflichtig. F\u00fcr die kostenpflichtigen Beratungen ben\u00f6tigt ihr des Weiteren zwingend einen individuell vereinbarten Termin.<\/span><\/p><div id=\"div_block-526-549-4\" class=\"ct-div-block\" data-id=\"div_block-526-549\"><a id=\"link_button-945-549-4\" class=\"ct-link-button\" href=\"https:\/\/deinkruemelchen.de\/experten\/beratungsangebote\/trageberatung\" target=\"_self\" data-id=\"link_button-945-549\">weitere Infos<\/a><a id=\"link_button-718-549-4\" class=\"ct-link-button\" href=\"https:\/\/deinkruemelchen.de\/experten\/termin-vereinbaren\" data-id=\"link_button-718-549\">Termin vereinbaren<\/a><\/div><\/article>                    \n                                            \n                                        \n                    <\/div>\n<div id=\"new_columns-982-549\" class=\"ct-new-columns\" ><div id=\"div_block-983-549\" class=\"ct-div-block\" ><img decoding=\"async\" id=\"image-986-549\" alt=\"\" src=\"https:\/\/deinkruemelchen.de\/experten\/wp-content\/uploads\/2023\/10\/PatuLove-184.jpg\" class=\"ct-image k-image\" srcset-disabled=\"https:\/\/deinkruemelchen.de\/experten\/wp-content\/uploads\/2023\/10\/PatuLove-184.jpg 1800w, https:\/\/deinkruemelchen.de\/experten\/wp-content\/uploads\/2023\/10\/PatuLove-184-300x200.jpg 300w, https:\/\/deinkruemelchen.de\/experten\/wp-content\/uploads\/2023\/10\/PatuLove-184-1024x683.jpg 1024w, https:\/\/deinkruemelchen.de\/experten\/wp-content\/uploads\/2023\/10\/PatuLove-184-768x512.jpg 768w, https:\/\/deinkruemelchen.de\/experten\/wp-content\/uploads\/2023\/10\/PatuLove-184-1536x1024.jpg 1536w\" sizes=\"(max-width: 1800px) 100vw, 1800px\" title=\"\"><\/div><div id=\"div_block-984-549\" class=\"ct-div-block\" ><div id=\"_rich_text-977-549\" class=\"oxy-rich-text\" ><h2><strong>Die besten Expertentipps f&uuml;r die perfekte Kinderausstattung: Schulranzen, Kinderwagen, Kindersitz und Trageberatung!<\/strong><\/h2>\n<div>&nbsp;<\/div>\n<div>Auf der Suche nach der perfekten Kinderausstattung kann man schnell den &Uuml;berblick verlieren. Doch keine Sorge, wir haben f&uuml;r euch die besten Expertentipps gesammelt und geben sie gerne weiter. Unser Team unterst&uuml;tzt euch mit unseren Beratungsangeboten bei der Auswahl von Schulranzen, Kinderwagen, Kindersitz und Babytrage. Du hast ein Kindergartenkind oder euer kleiner Schatz ist gerade erst zur Welt gekommen? Wir sind f&uuml;r euch da.<\/div>\n<p class=\"editor-paragraph\" dir=\"ltr\">Unsere Experten sind regelm&auml;&szlig;ig bei Herstellern verschiedener Marken unterwegs und lassen sich stetig am Produkt fortbilden um die Sicherheit, Komfort und Qualit&auml;t unserer Beratungen und Produkte zu gew&auml;hrleisten. Vom ergonomischen Schulranzen, der den R&uuml;cken Ihres Kindes schont, bis hin zum langlebigen Kinderwagen, der sich an jede Lebenssituation anpasst.<\/p>\n<p class=\"editor-paragraph\" dir=\"ltr\">Vertraut auf unsere Expertise und findet die perfekte Kinderausstattung, die euren individuellen Bed&uuml;rfnissen gerecht wird. Allen voran unser Motto: sicher und beh&uuml;tet mit Kindern unterwegs.<\/p><\/div><\/div><\/div><\/div><\/section><section id=\"section-874-549\" class=\" ct-section\" ><div class=\"ct-section-inner-wrap\"><div id=\"new_columns-959-549\" class=\"ct-new-columns\" ><div id=\"div_block-964-549\" class=\"ct-div-block\" ><div id=\"_map-970-549\" class=\"oxy-map\" ><iframe src='https:\/\/www.google.com\/maps\/embed\/v1\/place?key=AIzaSyBOzlLqzTd4QRfKOU62MIzveZ1lXi4beFs&q=kr%C3%BCmelchen%2C+D%C3%BCsseldorferstra%C3%9Fe+9%2C+45481&zoom=14' frameborder=0><\/iframe><\/div><\/div><div id=\"div_block-960-549\" class=\"ct-div-block\" ><h2 id=\"headline-961-549\" class=\"ct-headline\">Wo die Beratungen stattfinden?<\/h2><div id=\"text_block-962-549\" class=\"ct-text-block\" >In unserem kr\u00fcmelchen Ladengesch\u00e4ft im Herzen des Ruhrgebietes. Nicht selbstverst\u00e4ndlich: Wir haben kostenlose Kundenparkpl\u00e4tze direkt vor der T\u00fcr. Bei Kindersitzberatungen haben wir es so auch entspannter ein Modell in Dein Auto zur Probe einzubauen oder etwas zu messen.<br><br>Du hast so auch den Vorteil nicht weit zu Fu\u00df unterwegs sein zu m\u00fcssen. Vor allem mit Babyschale oder bei schlechtem Wetter ein absolutes Plus f\u00fcr unseren Standort:<br><br>kr\u00fcmelchen<br>D\u00fcsseldorfer Stra\u00dfe 9<br>45481 M\u00fclheim an der Ruhr<\/div><a id=\"link_button-963-549\" class=\"ct-link-button\" href=\"https:\/\/www.google.com\/maps\/dir\/&#039;&#039;\/kr%C3%BCmelchen+-+Deine+Trage-+und+Kindersitzprofis+im+Ruhrgebiet.,+D%C3%BCsseldorfer+Stra%C3%9Fe,+M%C3%BClheim+an+der+Ruhr\/@51.4027416,6.8088809,12z\/data=!3m2!4b1!5s0x47b8c1495f54f19b:0xdcacef0ed830e3fc!4m8!4m7!1m0!1m5!1m1!1s0x47b8c14be1e86365:0x296dd295da6e7667!2m2!1d6.8789206!2d51.4027625\" rel=\"nofollow noopener\" target=\"_blank\">Dein Weg zu uns.<\/a><\/div><\/div><\/div><\/section><section id=\"section-876-549\" class=\" ct-section\" ><div class=\"ct-section-inner-wrap\"><div id=\"_dynamic_list-878-549\" class=\"oxy-dynamic-list\">                    \n                                            \n                                        \n                    <\/div>\n<\/div><\/section><section id=\"section-689-549\" class=\" ct-section\" ><div class=\"ct-section-inner-wrap\"><div id=\"new_columns-710-549\" class=\"ct-new-columns\" ><div id=\"div_block-711-549\" class=\"ct-div-block\" ><h2 id=\"headline-707-549\" class=\"ct-headline\">Du vermisst ein Beratungsangebote oder Du bist ein Experte auf einem Gebiet?<br><br>Schreib uns.<\/h2><div id=\"text_block-714-549\" class=\"ct-text-block\" >Eure Bed\u00fcrfnisse als Familie und W\u00fcnsche liegen uns am Herzen. Wenn Du ein spezielles Beratungsangebot vermisst oder ein Thema hast, das Dir besonders wichtig ist, z\u00f6gere nicht, uns anzusprechen. Wir sind stets bem\u00fcht, unser Angebot weiterzuentwickeln und auf die individuellen Bed\u00fcrfnisse unserer Kunden einzugehen. Lass uns wissen, wie wir Dich und Dein Kind noch besser unterst\u00fctzen k\u00f6nnen \u2013 gemeinsam finden wir die passende L\u00f6sung!<br><br>Wenn Du ein Experte auf einem Gebiet rund um die Sicherheit von Kind und Kegel bist, freuen wir uns, wenn Du Dein Wissen mit uns teilst.<\/div><a id=\"link_button-533-549\" class=\"ct-link-button\" href=\"https:\/\/deinkruemelchen.de\/experten\/kontakt\">Schreibe uns<\/a><\/div><div id=\"div_block-712-549\" class=\"ct-div-block\" ><img decoding=\"async\" loading=\"lazy\" id=\"image-716-549\" alt=\"Du vermisst ein Beratungsangebot?\" src=\"https:\/\/deinkruemelchen.de\/experten\/wp-content\/uploads\/2023\/10\/Inga.jpg\" class=\"ct-image k-image\" srcset-disabled=\"https:\/\/deinkruemelchen.de\/experten\/wp-content\/uploads\/2023\/10\/Inga.jpg 960w, https:\/\/deinkruemelchen.de\/experten\/wp-content\/uploads\/2023\/10\/Inga-300x300.jpg 300w, https:\/\/deinkruemelchen.de\/experten\/wp-content\/uploads\/2023\/10\/Inga-150x150.jpg 150w, https:\/\/deinkruemelchen.de\/experten\/wp-content\/uploads\/2023\/10\/Inga-768x768.jpg 768w\" sizes=\"(max-width: 960px) 100vw, 960px\"  alt=\"Du vermisst ein Beratungsangebot?\" title=\"Du vermisst ein Beratungsangebot?\"\/><\/div><\/div><\/div><\/section>","protected":false},"excerpt":{"rendered":"","protected":false},"author":1,"featured_media":508,"parent":0,"menu_order":0,"comment_status":"closed","ping_status":"closed","template":"","meta":{"_acf_changed":false,"footnotes":""},"class_list":["post-549","page","type-page","status-publish","has-post-thumbnail","hentry"],"acf":[],"_links":{"self":[{"href":"https:\/\/deinkruemelchen.de\/experten\/wp-json\/wp\/v2\/pages\/549","targetHints":{"allow":["GET"]}}],"collection":[{"href":"https:\/\/deinkruemelchen.de\/experten\/wp-json\/wp\/v2\/pages"}],"about":[{"href":"https:\/\/deinkruemelchen.de\/experten\/wp-json\/wp\/v2\/types\/page"}],"author":[{"embeddable":true,"href":"https:\/\/deinkruemelchen.de\/experten\/wp-json\/wp\/v2\/users\/1"}],"replies":[{"embeddable":true,"href":"https:\/\/deinkruemelchen.de\/experten\/wp-json\/wp\/v2\/comments?post=549"}],"version-history":[{"count":6,"href":"https:\/\/deinkruemelchen.de\/experten\/wp-json\/wp\/v2\/pages\/549\/revisions"}],"predecessor-version":[{"id":1031,"href":"https:\/\/deinkruemelchen.de\/experten\/wp-json\/wp\/v2\/pages\/549\/revisions\/1031"}],"wp:featuredmedia":[{"embeddable":true,"href":"https:\/\/deinkruemelchen.de\/experten\/wp-json\/wp\/v2\/media\/508"}],"wp:attachment":[{"href":"https:\/\/deinkruemelchen.de\/experten\/wp-json\/wp\/v2\/media?parent=549"}],"curies":[{"name":"wp","href":"https:\/\/api.w.org\/{rel}","templated":true}]}}