{"id":666,"date":"2023-10-26T23:00:00","date_gmt":"2023-10-26T21:00:00","guid":{"rendered":"https:\/\/deinkruemelchen.de.46-4-31-26.web201.enerspace.de\/experten\/?page_id=666"},"modified":"2024-08-21T01:17:48","modified_gmt":"2024-08-20T23:17:48","slug":"stellenangebote","status":"publish","type":"page","link":"https:\/\/deinkruemelchen.de\/experten\/stellenangebote","title":{"rendered":"Stellenangebote"},"content":{"rendered":"<section id=\"section-843-666\" class=\" ct-section\" ><div class=\"ct-section-inner-wrap\"><div id=\"div_block-844-666\" class=\"ct-div-block k-content-small\" ><h1 id=\"headline-845-666\" class=\"ct-headline \">Freie Stellenangebote<\/h1><div id=\"text_block-846-666\" class=\"ct-text-block\" >Wir stellen ein, aktuelle Stellenangebote im Fachgesch\u00e4ft in M\u00fclheim an der Ruhr. Hier findest Du alle offenen Stellen im kr\u00fcmelchen Team. Schreib uns und bewerbe Dich noch heute.<\/div><\/div><\/div><\/section><section id=\"section-141-666\" class=\" ct-section\" ><div class=\"ct-section-inner-wrap\"><div id=\"new_columns-1035-666\" class=\"ct-new-columns\" ><div id=\"div_block-1036-666\" class=\"ct-div-block\" ><img decoding=\"async\" id=\"image-1052-666\" alt=\"\" src=\"https:\/\/deinkruemelchen.de\/experten\/wp-content\/uploads\/2023\/10\/IMG_0926-scaled-1.jpg\" class=\"ct-image k-image\" srcset-disabled=\"https:\/\/deinkruemelchen.de\/experten\/wp-content\/uploads\/2023\/10\/IMG_0926-scaled-1.jpg 1440w, https:\/\/deinkruemelchen.de\/experten\/wp-content\/uploads\/2023\/10\/IMG_0926-scaled-1-225x300.jpg 225w, https:\/\/deinkruemelchen.de\/experten\/wp-content\/uploads\/2023\/10\/IMG_0926-scaled-1-768x1024.jpg 768w, https:\/\/deinkruemelchen.de\/experten\/wp-content\/uploads\/2023\/10\/IMG_0926-scaled-1-1152x1536.jpg 1152w\" sizes=\"(max-width: 1440px) 100vw, 1440px\" title=\"\"><div id=\"text_block-1054-666\" class=\"ct-text-block\" >Inga K\u00fcpper stellt ein:<\/div><h2 id=\"headline-1032-666\" class=\"ct-headline\">Wir suchen Dich!<\/h2><div id=\"_rich_text-1028-666\" class=\"oxy-rich-text\" ><p style=\"text-align: left;\">Werde Teil unseres engagierten Teams und gestalte mit uns die Zukunft f\u00fcr Eltern und Kinder. In unserem familienfreundlichen Unternehmen legen wir gro\u00dfen Wert auf eine herzliche Atmosph\u00e4re, fachliche Expertise und pers\u00f6nliche Beratung. Wenn Du Leidenschaft f\u00fcr die Themen rund um Kindersitze, Babytragen und Schulranzen mitbringst und gerne in einem unterst\u00fctzenden, kollegialen Umfeld arbeitest, dann freuen wir uns auf Deine Bewerbung. Entdecke unsere aktuellen Stellenangebote und finde die passende Position, um Deine Talente und Erfahrungen einzubringen.<\/p>\n<p><strong>Dein Talent ist nicht in unseren offenen Stellen ausgeschrieben, Du denkst aber, dass Du einen wichtigen Teil beitragen kannst? Schreibe uns gerne Deine Initiativbewerbung.<\/strong><\/p>\n<p>Du m\u00f6chtest unser Team in M\u00fclheim kennenlernen?<\/p><\/div><a id=\"link_button-1068-666\" class=\"ct-link-button\" href=\"https:\/\/deinkruemelchen.de\/experten\/team\"   >das kr\u00fcmelchen Team<\/a><\/div><div id=\"div_block-1037-666\" class=\"ct-div-block\" ><div id=\"_dynamic_list-142-666\" class=\"oxy-dynamic-list\"><div id=\"div_block-143-666-1\" class=\"ct-div-block k-stellenangebot\" data-id=\"div_block-143-666\"><div id=\"div_block-644-666-1\" class=\"ct-div-block\" data-id=\"div_block-644-666\"><div id=\"div_block-575-666-1\" class=\"ct-div-block\" data-id=\"div_block-575-666\"><div id=\"fancy_icon-568-666-1\" class=\"ct-fancy-icon\" data-id=\"fancy_icon-568-666\"><svg id=\"svg-fancy_icon-568-666-1\" data-id=\"svg-fancy_icon-568-666\"><use xlink:href=\"#FontAwesomeicon-calendar\"><\/use><\/svg><\/div><div id=\"text_block-555-666-1\" class=\"ct-text-block\" data-id=\"text_block-555-666\"><span id=\"span-556-666\" class=\"ct-span\" ><\/span><\/div><\/div><h2 id=\"headline-597-666-1\" class=\"ct-headline\" data-id=\"headline-597-666\"><span id=\"span-598-666\" class=\"ct-span\" >Servicekraft (m\/w\/d)<\/span><\/h2><div id=\"text_block-543-666-1\" class=\"ct-text-block\" data-id=\"text_block-543-666\"><span id=\"span-549-666\" class=\"ct-span\" ><\/span><\/div><div id=\"text_block-613-666-1\" class=\"ct-text-block\" data-id=\"text_block-613-666\">Deine Aufgaben im kr\u00fcmelchen:<\/div><div id=\"text_block-584-666-1\" class=\"ct-text-block\" data-id=\"text_block-584-666\"><span id=\"span-585-666\" class=\"ct-span\" ><\/span><\/div><div id=\"text_block-609-666-1\" class=\"ct-text-block\" data-id=\"text_block-609-666\">Das w\u00fcnschen wir uns von Dir:<\/div><div id=\"text_block-616-666-1\" class=\"ct-text-block\" data-id=\"text_block-616-666\"><span id=\"span-617-666\" class=\"ct-span\" ><\/span><\/div><\/div><a id=\"link_button-1044-666-1\" class=\"ct-link-button\" href=\"#bewerben\" target=\"_self\" data-id=\"link_button-1044-666\">in einer Minute bewerben<\/a><\/div><div id=\"div_block-143-666-2\" class=\"ct-div-block k-stellenangebot\" data-id=\"div_block-143-666\"><div id=\"div_block-644-666-2\" class=\"ct-div-block\" data-id=\"div_block-644-666\"><div id=\"div_block-575-666-2\" class=\"ct-div-block\" data-id=\"div_block-575-666\"><div id=\"fancy_icon-568-666-2\" class=\"ct-fancy-icon\" data-id=\"fancy_icon-568-666\"><svg id=\"svg-fancy_icon-568-666-2\" data-id=\"svg-fancy_icon-568-666\"><use xlink:href=\"#FontAwesomeicon-calendar\"><\/use><\/svg><\/div><div id=\"text_block-555-666-2\" class=\"ct-text-block\" data-id=\"text_block-555-666\"><span id=\"span-556-666\" class=\"ct-span\" ><\/span><\/div><\/div><h2 id=\"headline-597-666-2\" class=\"ct-headline\" data-id=\"headline-597-666\"><span id=\"span-598-666\" class=\"ct-span\" >Verk\u00e4ufer:in \/ Trageberaterin (m\/w\/d)<\/span><\/h2><div id=\"text_block-543-666-2\" class=\"ct-text-block\" data-id=\"text_block-543-666\"><span id=\"span-549-666\" class=\"ct-span\" ><\/span><\/div><div id=\"text_block-613-666-2\" class=\"ct-text-block\" data-id=\"text_block-613-666\">Deine Aufgaben im kr\u00fcmelchen:<\/div><div id=\"text_block-584-666-2\" class=\"ct-text-block\" data-id=\"text_block-584-666\"><span id=\"span-585-666\" class=\"ct-span\" ><\/span><\/div><div id=\"text_block-609-666-2\" class=\"ct-text-block\" data-id=\"text_block-609-666\">Das w\u00fcnschen wir uns von Dir:<\/div><div id=\"text_block-616-666-2\" class=\"ct-text-block\" data-id=\"text_block-616-666\"><span id=\"span-617-666\" class=\"ct-span\" ><\/span><\/div><\/div><a id=\"link_button-1044-666-2\" class=\"ct-link-button\" href=\"#bewerben\" target=\"_self\" data-id=\"link_button-1044-666\">in einer Minute bewerben<\/a><\/div><div id=\"div_block-143-666-3\" class=\"ct-div-block k-stellenangebot\" data-id=\"div_block-143-666\"><div id=\"div_block-644-666-3\" class=\"ct-div-block\" data-id=\"div_block-644-666\"><div id=\"div_block-575-666-3\" class=\"ct-div-block\" data-id=\"div_block-575-666\"><div id=\"fancy_icon-568-666-3\" class=\"ct-fancy-icon\" data-id=\"fancy_icon-568-666\"><svg id=\"svg-fancy_icon-568-666-3\" data-id=\"svg-fancy_icon-568-666\"><use xlink:href=\"#FontAwesomeicon-calendar\"><\/use><\/svg><\/div><div id=\"text_block-555-666-3\" class=\"ct-text-block\" data-id=\"text_block-555-666\"><span id=\"span-556-666\" class=\"ct-span\" ><\/span><\/div><\/div><h2 id=\"headline-597-666-3\" class=\"ct-headline\" data-id=\"headline-597-666\"><span id=\"span-598-666\" class=\"ct-span\" >Verk\u00e4ufer:in f\u00fcr Kindersitze (m\/w\/d)<\/span><\/h2><div id=\"text_block-543-666-3\" class=\"ct-text-block\" data-id=\"text_block-543-666\"><span id=\"span-549-666\" class=\"ct-span\" ><\/span><\/div><div id=\"text_block-613-666-3\" class=\"ct-text-block\" data-id=\"text_block-613-666\">Deine Aufgaben im kr\u00fcmelchen:<\/div><div id=\"text_block-584-666-3\" class=\"ct-text-block\" data-id=\"text_block-584-666\"><span id=\"span-585-666\" class=\"ct-span\" ><\/span><\/div><div id=\"text_block-609-666-3\" class=\"ct-text-block\" data-id=\"text_block-609-666\">Das w\u00fcnschen wir uns von Dir:<\/div><div id=\"text_block-616-666-3\" class=\"ct-text-block\" data-id=\"text_block-616-666\"><span id=\"span-617-666\" class=\"ct-span\" ><\/span><\/div><\/div><a id=\"link_button-1044-666-3\" class=\"ct-link-button\" href=\"#bewerben\" target=\"_self\" data-id=\"link_button-1044-666\">in einer Minute bewerben<\/a><\/div><div id=\"div_block-143-666-4\" class=\"ct-div-block k-stellenangebot\" data-id=\"div_block-143-666\"><div id=\"div_block-644-666-4\" class=\"ct-div-block\" data-id=\"div_block-644-666\"><div id=\"div_block-575-666-4\" class=\"ct-div-block\" data-id=\"div_block-575-666\"><div id=\"fancy_icon-568-666-4\" class=\"ct-fancy-icon\" data-id=\"fancy_icon-568-666\"><svg id=\"svg-fancy_icon-568-666-4\" data-id=\"svg-fancy_icon-568-666\"><use xlink:href=\"#FontAwesomeicon-calendar\"><\/use><\/svg><\/div><div id=\"text_block-555-666-4\" class=\"ct-text-block\" data-id=\"text_block-555-666\"><span id=\"span-556-666\" class=\"ct-span\" ><\/span><\/div><\/div><h2 id=\"headline-597-666-4\" class=\"ct-headline\" data-id=\"headline-597-666\"><span id=\"span-598-666\" class=\"ct-span\" >Verk\u00e4ufer:in (m\/w\/d)<\/span><\/h2><div id=\"text_block-543-666-4\" class=\"ct-text-block\" data-id=\"text_block-543-666\"><span id=\"span-549-666\" class=\"ct-span\" ><\/span><\/div><div id=\"text_block-613-666-4\" class=\"ct-text-block\" data-id=\"text_block-613-666\">Deine Aufgaben im kr\u00fcmelchen:<\/div><div id=\"text_block-584-666-4\" class=\"ct-text-block\" data-id=\"text_block-584-666\"><span id=\"span-585-666\" class=\"ct-span\" ><\/span><\/div><div id=\"text_block-609-666-4\" class=\"ct-text-block\" data-id=\"text_block-609-666\">Das w\u00fcnschen wir uns von Dir:<\/div><div id=\"text_block-616-666-4\" class=\"ct-text-block\" data-id=\"text_block-616-666\"><span id=\"span-617-666\" class=\"ct-span\" ><\/span><\/div><\/div><a id=\"link_button-1044-666-4\" class=\"ct-link-button\" href=\"#bewerben\" target=\"_self\" data-id=\"link_button-1044-666\">in einer Minute bewerben<\/a><\/div>                    \n                                            \n                                        \n                    <\/div>\n<\/div><\/div><\/div><\/section><section id=\"bewerben\" class=\" ct-section\" ><div class=\"ct-section-inner-wrap\"><div id=\"div_block-661-666\" class=\"ct-div-block k-content-small\" ><h1 id=\"headline-663-666\" class=\"ct-headline\">Jetzt schnell und einfach bewerben<\/h1><div id=\"shortcode-662-666\" class=\"ct-shortcode\" ><div class=\"frm_forms  with_frm_style frm_style_formidable-style-2\" id=\"frm_form_3_container\" data-token=\"13d8584eac10eb85d87efb4a99d05153\">\n<form enctype=\"multipart\/form-data\" method=\"post\" class=\"frm-show-form  frm_js_validate  frm_ajax_submit  frm_pro_form \" id=\"form_contact-form22\"  data-token=\"13d8584eac10eb85d87efb4a99d05153\">\n<div class=\"frm_form_fields  frm_page_num_1\">\n<fieldset>\n<legend class=\"frm_screen_reader\">Bewerbungsformular<\/legend>\r\n\r\n<div class=\"frm_fields_container\">\n<input type=\"hidden\" name=\"frm_action\" value=\"create\" \/>\n<input type=\"hidden\" name=\"form_id\" value=\"3\" \/>\n<input type=\"hidden\" name=\"frm_hide_fields_3\" id=\"frm_hide_fields_3\" value=\"\" \/>\n<input type=\"hidden\" name=\"form_key\" value=\"contact-form22\" \/>\n<input type=\"hidden\" name=\"item_meta[0]\" value=\"\" \/>\n<input type=\"hidden\" id=\"frm_submit_entry_3\" name=\"frm_submit_entry_3\" value=\"622a485c14\" \/><input type=\"hidden\" name=\"_wp_http_referer\" value=\"\/experten\/wp-json\/wp\/v2\/pages\/666\" \/><div id=\"frm_field_12_container\" class=\"frm_form_field form-field  frm_required_field frm_top_container frm_first frm_half\">\r\n    <label for=\"field_qh4icy22\" id=\"field_qh4icy22_label\" class=\"frm_primary_label\">Dein Name\r\n        <span class=\"frm_required\" aria-hidden=\"true\">*<\/span>\r\n    <\/label>\r\n    <input type=\"text\" id=\"field_qh4icy22\" name=\"item_meta[12]\" value=\"\"  data-reqmsg=\"Dieses Feld darf nicht leer sein.\" aria-required=\"true\" data-invmsg=\"Name ist ung\u00fcltig\" aria-invalid=\"false\"   aria-describedby=\"frm_desc_field_qh4icy22\"\/>\r\n    <div class=\"frm_description\" id=\"frm_desc_field_qh4icy22\">Vorname<\/div>\r\n    \r\n<\/div>\n<div id=\"frm_field_13_container\" class=\"frm_form_field form-field  frm_required_field frm_hidden_container frm_half\">\r\n    <label for=\"field_ocfup122\" id=\"field_ocfup122_label\" class=\"frm_primary_label\">Nachname\r\n        <span class=\"frm_required\" aria-hidden=\"true\">*<\/span>\r\n    <\/label>\r\n    <input type=\"text\" id=\"field_ocfup122\" name=\"item_meta[13]\" value=\"\"  data-reqmsg=\"Dieses Feld darf nicht leer sein.\" aria-required=\"true\" data-invmsg=\"Last ist ung\u00fcltig\" aria-invalid=\"false\"   aria-describedby=\"frm_desc_field_ocfup122\"\/>\r\n    <div class=\"frm_description\" id=\"frm_desc_field_ocfup122\">Nachname<\/div>\r\n    \r\n<\/div>\n<div id=\"frm_field_14_container\" class=\"frm_form_field form-field  frm_required_field frm_top_container frm6 frm_first\">\r\n    <label for=\"field_29yf4d22\" id=\"field_29yf4d22_label\" class=\"frm_primary_label\">E-Mail\r\n        <span class=\"frm_required\" aria-hidden=\"true\">*<\/span>\r\n    <\/label>\r\n    <input type=\"email\" id=\"field_29yf4d22\" name=\"item_meta[14]\" value=\"\"  data-reqmsg=\"Dieses Feld darf nicht leer sein.\" aria-required=\"true\" data-invmsg=\"Please enter a valid email address\" aria-invalid=\"false\"  \/>\r\n    \r\n    \r\n<\/div>\n<div id=\"frm_field_15_container\" class=\"frm_form_field form-field  frm_required_field frm_top_container frm6\">\r\n    <label for=\"field_8ols52\" id=\"field_8ols52_label\" class=\"frm_primary_label\">Telefon (f\u00fcr R\u00fcckfragen)\r\n        <span class=\"frm_required\" aria-hidden=\"true\">*<\/span>\r\n    <\/label>\r\n    <input type=\"tel\" id=\"field_8ols52\" name=\"item_meta[15]\" value=\"\"  data-reqmsg=\"Dieses Feld darf nicht leer sein.\" aria-required=\"true\" data-invmsg=\"Telefon ist ung\u00fcltig\" aria-invalid=\"false\" pattern=\"((\\+\\d{1,3}(-|.| )?\\(?\\d\\)?(-| |.)?\\d{1,5})|(\\(?\\d{2,6}\\)?))(-|.| )?(\\d{3,4})(-|.| )?(\\d{4})(( x| ext)\\d{1,5}){0,1}$\"  \/>\r\n    \r\n    \r\n<\/div>\n<input type=\"hidden\" name=\"frm_page_order_3\" id=\"frm_page_order_3\" value=\"8\" \/><input type=\"hidden\" name=\"item_meta[17]\" id=\"field_wyt1s\" value=\"\"  data-reqmsg=\"Dieses Feld darf nicht leer sein.\" aria-required=\"true\" data-invmsg=\"Text ist ung\u00fcltig\"   \/>\n<input type=\"hidden\" name=\"item_meta[18]\" id=\"field_9xqi6\" value=\"\"  data-reqmsg=\"Dieses Feld darf nicht leer sein.\" aria-required=\"true\" data-invmsg=\"Text ist ung\u00fcltig\"   \/>\n<input type=\"hidden\" name=\"item_meta[19]\" id=\"field_uhq6r\" value=\"\"  data-invmsg=\"weiter zu &quot;\u00dcber Dich&quot; ist ung\u00fcltig\"   \/>\n<input type=\"hidden\" name=\"item_meta[20]\" id=\"field_9jv0r122\" value=\"\"  data-reqmsg=\"Dieses Feld darf nicht leer sein.\" aria-required=\"true\" data-invmsg=\"Sag uns etwas \u00fcber Dich ist ung\u00fcltig\"   \/>\n<input type=\"hidden\" name=\"item_meta[21]\" id=\"field_ert0w\" value=\"\"  data-reqmsg=\"Dieses Feld darf nicht leer sein.\" aria-required=\"true\" data-invmsg=\"Deine Qualifikationen ist ung\u00fcltig\"   \/>\n<input type=\"hidden\" name=\"item_meta[22]\" id=\"field_zg95q\" value=\"\"  data-invmsg=\"weiter zur Zusammenfassung ist ung\u00fcltig\"   \/>\n<input type=\"hidden\" name=\"item_meta[23]\" id=\"field_2u6yk\" value=\"\"  data-invmsg=\"Zusammenfassung ist ung\u00fcltig\"   \/>\n<input type=\"hidden\" name=\"item_meta[33]\" id=\"field_1n94u\" value=\"\"  data-invmsg=\"Das CAPTCHA wurde nicht korrekt eingegeben\"   \/>\n\t<input type=\"hidden\" name=\"item_key\" value=\"\" \/>\n\t\t\t\t<div class=\"frm__69b466f7ac002\" aria-hidden=\"true\">\n\t\t\t\t<label for=\"frm_email_3\">\n\t\t\t\t\tFalls Du menschlich bist, lasse dieses Feld leer.\t\t\t\t<\/label>\n\t\t\t\t<input  id=\"frm_email_3\" type=\"text\" class=\"frm_verify\" name=\"frm__69b466f7ac002\" value=\"\" autocomplete=\"false\"  \/>\n\t\t\t<\/div>\n\t\t<input name=\"frm_state\" type=\"hidden\" value=\"49ORR8XVeY+8uLy9Xo63RDi3BUCdDOUMPGe6VMPfr9Y=\" \/><div class=\"frm_submit\">\r\n\r\n<button class=\"frm_button_submit\" type=\"submit\"   formnovalidate=\"formnovalidate\">Weiter<\/button>\r\n\r\n<\/div><\/div>\n<\/fieldset>\n<\/div>\n<script type=\"text\/javascript\">var input = document.createElement('input');\n    input.setAttribute('type', 'hidden');\n    input.setAttribute('name', 'ct_checkjs_frm');\n    input.setAttribute('value', '736353291');\n    for (i = 0; i < document.forms.length; i++) {\n        if (typeof document.forms[i].id == 'string'){\n\t\t\tif(document.forms[i].id.search('form_contact-form22') != -1) {\n            document.forms[i].appendChild(input);\n\t\t\t}\n        }\n    }<\/script>\n<\/form>\n<\/div>\n<\/div><\/div><\/div><\/section><section id=\"section-1057-666\" class=\" ct-section\" ><div class=\"ct-section-inner-wrap\"><div id=\"new_columns-1062-666\" class=\"ct-new-columns\" ><div id=\"div_block-1063-666\" class=\"ct-div-block\" ><img decoding=\"async\"  id=\"image-847-666\" alt=\"alle Stellenangebote im kr\u00fcmelchen\" src=\"https:\/\/deinkruemelchen.de\/experten\/wp-content\/uploads\/2023\/10\/957f104f-cbe8-46eb-a089-5d4e7487b0d4.jpg\" class=\"ct-image\" srcset-disabled=\"https:\/\/deinkruemelchen.de\/experten\/wp-content\/uploads\/2023\/10\/957f104f-cbe8-46eb-a089-5d4e7487b0d4.jpg 1600w, https:\/\/deinkruemelchen.de\/experten\/wp-content\/uploads\/2023\/10\/957f104f-cbe8-46eb-a089-5d4e7487b0d4-300x225.jpg 300w, https:\/\/deinkruemelchen.de\/experten\/wp-content\/uploads\/2023\/10\/957f104f-cbe8-46eb-a089-5d4e7487b0d4-1024x768.jpg 1024w, https:\/\/deinkruemelchen.de\/experten\/wp-content\/uploads\/2023\/10\/957f104f-cbe8-46eb-a089-5d4e7487b0d4-768x576.jpg 768w, https:\/\/deinkruemelchen.de\/experten\/wp-content\/uploads\/2023\/10\/957f104f-cbe8-46eb-a089-5d4e7487b0d4-1536x1152.jpg 1536w\" sizes=\"(max-width: 1600px) 100vw, 1600px\"  alt=\"alle Stellenangebote im kr\u00fcmelchen\" title=\"alle Stellenangebote im kr\u00fcmelchen\"\/><\/div><div id=\"div_block-1064-666\" class=\"ct-div-block\" ><h2 id=\"headline-1059-666\" class=\"ct-headline\">Arbeiten beim kr\u00fcmelchen in M\u00fclheim an der Ruhr<\/h2><div id=\"_rich_text-1058-666\" class=\"oxy-rich-text\" ><p>Bist du auf der Suche nach einer sinnstiftenden T&auml;tigkeit in einem famili&auml;ren Umfeld, in dem du deine Leidenschaft f&uuml;r den sicheren Transport und die gesunde Entwicklung von Kindern einbringen kannst? Dann bist du bei uns genau richtig! Unser Fachgesch&auml;ft hat sich auf die Beratung und den Verkauf von hochwertigen Produkten rund um Babytragen, Kindersitze und Schulranzen spezialisiert. Wir legen gro&szlig;en Wert auf eine vertrauensvolle und pers&ouml;nliche Kundenberatung, die auf langj&auml;hriger Expertise und einer tiefen &Uuml;berzeugung f&uuml;r die Gesundheit und das Wohlbefinden von Kindern basiert.<\/p>\n<p><strong>Warum unser Fachgesch&auml;ft?<\/strong><\/p>\n<p>In unserem Fachgesch&auml;ft erwartet dich eine herzliche und offene Atmosph&auml;re, in der das Wohl unserer Kunden und Mitarbeiter an erster Stelle steht. Wir sind &uuml;berzeugt, dass ein starkes Team der Schl&uuml;ssel zu unserem Erfolg ist. Deshalb f&ouml;rdern wir eine Arbeitsumgebung, in der jeder Mitarbeiter seine St&auml;rken einbringen und sich weiterentwickeln kann. Unser Ziel ist es, dass sich nicht nur unsere Kunden, sondern auch unser Team bei uns wohlf&uuml;hlt und mit Freude zur Arbeit kommt.<\/p>\n<p><strong>Deine Aufgaben und Verantwortlichkeiten<\/strong><\/p>\n<p>Als Teil unseres Teams wirst du aktiv in die Beratung und Betreuung unserer Kunden eingebunden. Dazu geh&ouml;rt es, Eltern und Kinder kompetent und einf&uuml;hlsam zu den f&uuml;r sie passenden Produkten zu beraten. Ob es um die Auswahl des ersten Kindersitzes, einer ergonomischen Babytrage oder den idealen Schulranzen f&uuml;r den Schulstart geht &ndash; du wirst den Kunden mit deiner Fachkenntnis und deinem Engagement zur Seite stehen. Neben der Beratung am Kunden hast du auch die M&ouml;glichkeit, an Produktschulungen teilzunehmen, um dein Wissen stetig zu erweitern und immer auf dem neuesten Stand zu bleiben.<\/p>\n<p><strong>Unsere Anforderungen<\/strong><\/p>\n<p>F&uuml;r unsere Stellen suchen wir engagierte und empathische Menschen, die Freude daran haben, Familien in wichtigen Lebensphasen zu unterst&uuml;tzen. Du solltest eine ausgepr&auml;gte Kommunikationsf&auml;higkeit und ein hohes Ma&szlig; an Serviceorientierung mitbringen. Idealerweise hast du bereits Erfahrung im Einzelhandel oder in der Kundenberatung &ndash; besonders im Bereich Baby- und Kinderprodukte. Aber auch Quereinsteiger mit einer Leidenschaft f&uuml;r unsere Themen und dem Wunsch, Neues zu lernen, sind bei uns herzlich willkommen.<\/p>\n<p><strong>Was wir dir bieten<\/strong><\/p>\n<ul>\n<li><strong>Ein freundliches Arbeitsumfeld:<\/strong> Wir legen gro&szlig;en Wert auf ein harmonisches Miteinander und einen respektvollen Umgang.<\/li>\n<li><strong>Individuelle Weiterbildungsm&ouml;glichkeiten:<\/strong> Um immer auf dem neuesten Stand zu bleiben, bieten wir regelm&auml;&szlig;ige Schulungen und Fortbildungen an.<\/li>\n<li><strong>Flexible Arbeitszeiten:<\/strong> Wir wissen, dass eine gute Work-Life-Balance wichtig ist und bieten daher flexible Arbeitszeitmodelle an.<\/li>\n<li><strong>Attraktive Mitarbeiterkonditionen:<\/strong> Profitiere von speziellen Rabatten auf unser Sortiment und weiteren Verg&uuml;nstigungen.<\/li>\n<li><strong>Eine sinnvolle T&auml;tigkeit:<\/strong> Bei uns leistest du einen wichtigen Beitrag zur Gesundheit und Sicherheit von Kindern, was deine Arbeit besonders wertvoll macht.<\/li>\n<\/ul>\n<p><strong>Werde Teil unserer Vision<\/strong><\/p>\n<p>Wir glauben daran, dass eine gute Beratung und die richtigen Produkte den Alltag von Familien entscheidend verbessern k&ouml;nnen. Wenn auch du diese Vision teilst und Teil eines Unternehmens werden m&ouml;chtest, das sich mit Leidenschaft f&uuml;r die Bed&uuml;rfnisse von Eltern und Kindern einsetzt, dann freuen wir uns darauf, dich kennenzulernen.<\/p><\/div><\/div><\/div><\/div><\/section>","protected":false},"excerpt":{"rendered":"","protected":false},"author":1,"featured_media":532,"parent":0,"menu_order":0,"comment_status":"closed","ping_status":"closed","template":"","meta":{"_acf_changed":false,"footnotes":""},"class_list":["post-666","page","type-page","status-publish","has-post-thumbnail","hentry"],"acf":[],"_links":{"self":[{"href":"https:\/\/deinkruemelchen.de\/experten\/wp-json\/wp\/v2\/pages\/666","targetHints":{"allow":["GET"]}}],"collection":[{"href":"https:\/\/deinkruemelchen.de\/experten\/wp-json\/wp\/v2\/pages"}],"about":[{"href":"https:\/\/deinkruemelchen.de\/experten\/wp-json\/wp\/v2\/types\/page"}],"author":[{"embeddable":true,"href":"https:\/\/deinkruemelchen.de\/experten\/wp-json\/wp\/v2\/users\/1"}],"replies":[{"embeddable":true,"href":"https:\/\/deinkruemelchen.de\/experten\/wp-json\/wp\/v2\/comments?post=666"}],"version-history":[{"count":8,"href":"https:\/\/deinkruemelchen.de\/experten\/wp-json\/wp\/v2\/pages\/666\/revisions"}],"predecessor-version":[{"id":985,"href":"https:\/\/deinkruemelchen.de\/experten\/wp-json\/wp\/v2\/pages\/666\/revisions\/985"}],"wp:featuredmedia":[{"embeddable":true,"href":"https:\/\/deinkruemelchen.de\/experten\/wp-json\/wp\/v2\/media\/532"}],"wp:attachment":[{"href":"https:\/\/deinkruemelchen.de\/experten\/wp-json\/wp\/v2\/media?parent=666"}],"curies":[{"name":"wp","href":"https:\/\/api.w.org\/{rel}","templated":true}]}}