{"id":84,"date":"2023-10-21T14:20:26","date_gmt":"2023-10-21T14:20:26","guid":{"rendered":"https:\/\/deinkruemelchen.de.46-4-31-26.web201.enerspace.de\/experten\/?page_id=84"},"modified":"2026-01-29T22:31:04","modified_gmt":"2026-01-29T21:31:04","slug":"kontakt","status":"publish","type":"page","link":"https:\/\/deinkruemelchen.de\/experten\/kontakt","title":{"rendered":"Kontakt"},"content":{"rendered":"<section id=\"section-429-84\" class=\" ct-section\" style=\"background-image:linear-gradient(rgba(115,32,80,0.6), rgba(115,32,80,0.6)), url(http:\/\/deinkruemelchen.timmeserver.de\/wp-content\/uploads\/2022\/07\/IMG_1079_650x330.jpg);background-size:auto,  cover;\" ><div class=\"ct-section-inner-wrap\"><div id=\"div_block-430-84\" class=\"ct-div-block k-content-small\" ><h1 id=\"headline-432-84\" class=\"ct-headline k-page-hero-headline\">Kontakt &amp; Anfahrt<\/h1><h3 id=\"headline-422-84\" class=\"ct-headline\">Dein Weg zu uns nach M\u00fclheim an der Ruhr, unsere \u00d6ffnungszeiten und nat\u00fcrlich ein Kontaktformular.<\/h3><\/div><\/div><\/section><section id=\"section-93-127\" class=\" ct-section\" style=\"background-image:url(http:\/\/deinkruemelchen.timmeserver.de\/wp-content\/uploads\/2022\/07\/maps-picture-outlines-blurred.jpg);background-size: cover;\" ><div class=\"ct-section-inner-wrap\"><div id=\"div_block-94-127\" class=\"ct-div-block\" ><div id=\"new_columns-95-127\" class=\"ct-new-columns\" ><div id=\"div_block-96-127\" class=\"ct-div-block\" ><div id=\"_map-98-127\" class=\"oxy-map\" ><iframe src='https:\/\/www.google.com\/maps\/embed\/v1\/place?key=AIzaSyBOzlLqzTd4QRfKOU62MIzveZ1lXi4beFs&q=kr%C3%BCmelchen%2C+45481+M%C3%BClheim+an+der+Ruhr%2C+D%C3%BCsseldorfer+Stra%C3%9Fe+9&zoom=14' frameborder=0><\/iframe><\/div><\/div><div id=\"div_block-97-127\" class=\"ct-div-block\" ><h1 id=\"headline-197-127\" class=\"ct-headline\">Schreib uns<\/h1><div id=\"shortcode-196-127\" class=\"ct-shortcode\" ><div class=\"frm_forms  with_frm_style frm_style_formidable-style-2\" id=\"frm_form_2_container\" data-token=\"d813eefb28018cd2b909c6a29325f5c6\">\n<form enctype=\"multipart\/form-data\" method=\"post\" class=\"frm-show-form  frm_js_validate  frm_ajax_submit  frm_pro_form \" id=\"form_contact-form2\"  data-token=\"d813eefb28018cd2b909c6a29325f5c6\">\n<div class=\"frm_form_fields \">\n<fieldset>\n<legend class=\"frm_screen_reader\">Schreibe uns<\/legend>\r\n\r\n<div class=\"frm_fields_container\">\n<input type=\"hidden\" name=\"frm_action\" value=\"create\" \/>\n<input type=\"hidden\" name=\"form_id\" value=\"2\" \/>\n<input type=\"hidden\" name=\"frm_hide_fields_2\" id=\"frm_hide_fields_2\" value=\"\" \/>\n<input type=\"hidden\" name=\"form_key\" value=\"contact-form2\" \/>\n<input type=\"hidden\" name=\"item_meta[0]\" value=\"\" \/>\n<input type=\"hidden\" id=\"frm_submit_entry_2\" name=\"frm_submit_entry_2\" value=\"b40ecc5938\" \/><input type=\"hidden\" name=\"_wp_http_referer\" value=\"\/experten\/wp-json\/wp\/v2\/pages\/84\" \/><div id=\"frm_field_6_container\" class=\"frm_form_field form-field  frm_required_field frm_top_container frm_first frm_half\">\r\n    <label for=\"field_qh4icy2\" id=\"field_qh4icy2_label\" class=\"frm_primary_label\">Dein Name\r\n        <span class=\"frm_required\" aria-hidden=\"true\">*<\/span>\r\n    <\/label>\r\n    <input type=\"text\" id=\"field_qh4icy2\" name=\"item_meta[6]\" value=\"\"  data-reqmsg=\"Dieses Feld darf nicht leer sein.\" aria-required=\"true\" data-invmsg=\"Name ist ung\u00fcltig\" aria-invalid=\"false\"   aria-describedby=\"frm_desc_field_qh4icy2\"\/>\r\n    <div class=\"frm_description\" id=\"frm_desc_field_qh4icy2\">Vorname<\/div>\r\n    \r\n<\/div>\n<div id=\"frm_field_7_container\" class=\"frm_form_field form-field  frm_required_field frm_hidden_container frm_half\">\r\n    <label for=\"field_ocfup12\" id=\"field_ocfup12_label\" class=\"frm_primary_label\">Nachname\r\n        <span class=\"frm_required\" aria-hidden=\"true\">*<\/span>\r\n    <\/label>\r\n    <input type=\"text\" id=\"field_ocfup12\" name=\"item_meta[7]\" value=\"\"  data-reqmsg=\"Dieses Feld darf nicht leer sein.\" aria-required=\"true\" data-invmsg=\"Last ist ung\u00fcltig\" aria-invalid=\"false\"   aria-describedby=\"frm_desc_field_ocfup12\"\/>\r\n    <div class=\"frm_description\" id=\"frm_desc_field_ocfup12\">Nachname<\/div>\r\n    \r\n<\/div>\n<div id=\"frm_field_8_container\" class=\"frm_form_field form-field  frm_required_field frm_top_container frm6 frm_first\">\r\n    <label for=\"field_29yf4d2\" id=\"field_29yf4d2_label\" class=\"frm_primary_label\">E-Mail\r\n        <span class=\"frm_required\" aria-hidden=\"true\">*<\/span>\r\n    <\/label>\r\n    <input type=\"email\" id=\"field_29yf4d2\" name=\"item_meta[8]\" value=\"\"  data-reqmsg=\"Dieses Feld darf nicht leer sein.\" aria-required=\"true\" data-invmsg=\"Please enter a valid email address\" aria-invalid=\"false\"  \/>\r\n    \r\n    \r\n<\/div>\n<div id=\"frm_field_9_container\" class=\"frm_form_field form-field  frm_top_container frm6\">\r\n    <label for=\"field_8ols5\" id=\"field_8ols5_label\" class=\"frm_primary_label\">Telefon (optional)\r\n        <span class=\"frm_required\" aria-hidden=\"true\"><\/span>\r\n    <\/label>\r\n    <input type=\"tel\" id=\"field_8ols5\" name=\"item_meta[9]\" value=\"\"  data-invmsg=\"Telefon ist ung\u00fcltig\" aria-invalid=\"false\" pattern=\"((\\+\\d{1,3}(-|.| )?\\(?\\d\\)?(-| |.)?\\d{1,5})|(\\(?\\d{2,6}\\)?))(-|.| )?(\\d{3,4})(-|.| )?(\\d{4})(( x| ext)\\d{1,5}){0,1}$\"  \/>\r\n    \r\n    \r\n<\/div>\n<div id=\"frm_field_10_container\" class=\"frm_form_field form-field  frm_required_field frm_top_container frm_other_container\">\r\n    <label for=\"field_g35fi\" id=\"field_g35fi_label\" class=\"frm_primary_label\">Um welches Thema geht es?\r\n        <span class=\"frm_required\" aria-hidden=\"true\">*<\/span>\r\n    <\/label>\r\n    \t\t<select name=\"item_meta[10]\" id=\"field_g35fi\"  data-reqmsg=\"Dieses Feld darf nicht leer sein.\" aria-required=\"true\" data-invmsg=\"Um welches Thema geht es? ist ung\u00fcltig\" aria-invalid=\"false\"  >\n\t\t<option  value=\"Allgemeine Frage\">Allgemeine Frage<\/option><option  value=\"Frage zu den Beratungen\">Frage zu den Beratungen<\/option><option  value=\"Frage zu einer Bestellung\">Frage zu einer Bestellung<\/option><option  value=\"Frage zum Laden\">Frage zum Laden<\/option><option  value=\"Frage zum Sortiment\">Frage zum Sortiment<\/option><option  value=\"Frage zu den Sportangeboten\">Frage zu den Sportangeboten<\/option><option  value=\"Ich m\u00f6chte ins Team\">Ich m\u00f6chte ins Team<\/option><option  value=\"Feedback\" class=\"frm_other_trigger\">Feedback<\/option>\t<\/select>\n\t<label for=\"field_g35fi-otext\" class=\"frm_screen_reader frm_hidden\">Um welches Thema geht es?<\/label><input type=\"text\" id=\"field_g35fi-otext\" class=\"frm_other_input frm_pos_none\"  name=\"item_meta[other][10]\" value=\"\" \/>\r\n    \r\n    \r\n<\/div>\n<div id=\"frm_field_11_container\" class=\"frm_form_field form-field  frm_required_field frm_top_container frm_full\">\r\n    <label for=\"field_9jv0r12\" id=\"field_9jv0r12_label\" class=\"frm_primary_label\">Deine Nachricht an uns\r\n        <span class=\"frm_required\" aria-hidden=\"true\">*<\/span>\r\n    <\/label>\r\n    <textarea name=\"item_meta[11]\" id=\"field_9jv0r12\" rows=\"5\"  data-reqmsg=\"Dieses Feld darf nicht leer sein.\" aria-required=\"true\" data-invmsg=\"Deine Nachricht an uns ist ung\u00fcltig\" aria-invalid=\"false\"  ><\/textarea>\r\n    \r\n    \r\n<\/div>\n<div id=\"frm_field_36_container\" class=\"frm_form_field form-field  frm_none_container\">\n    <label for=\"g-recaptcha-response\" id=\"field_6ue0e_label\" class=\"frm_primary_label\">Captcha\n        <span class=\"frm_required\" aria-hidden=\"true\"><\/span>\n    <\/label>\n    <div id=\"field_6ue0e\" class=\"g-recaptcha\" data-sitekey=\"6LcVsT8rAAAAAJcgyHUwGb6YxjcdYGMO2CXPJpHO\" data-size=\"invisible\" data-theme=\"light\" data-callback=\"frmAfterRecaptcha\"><\/div>\n    \n    \n<\/div>\n\t<input type=\"hidden\" name=\"item_key\" value=\"\" \/>\n\t\t\t\t<div class=\"frm__69b466f7ac002\" aria-hidden=\"true\">\n\t\t\t\t<label for=\"frm_email_2\">\n\t\t\t\t\tFalls Du menschlich bist, lasse dieses Feld leer.\t\t\t\t<\/label>\n\t\t\t\t<input  id=\"frm_email_2\" type=\"text\" class=\"frm_verify\" name=\"frm__69b466f7ac002\" value=\"\" autocomplete=\"false\"  \/>\n\t\t\t<\/div>\n\t\t<input name=\"frm_state\" type=\"hidden\" value=\"U5Pao9HVbhf4MVtxTboqv9V0dju2\/GTGoTfRF6HQgeU=\" \/><div class=\"frm_submit\">\r\n\r\n<button class=\"frm_button_submit frm_final_submit\" type=\"submit\"   formnovalidate=\"formnovalidate\">Nachricht senden<\/button>\r\n\r\n<\/div><\/div>\n<\/fieldset>\n<\/div>\n<script type=\"text\/javascript\">var input = document.createElement('input');\n    input.setAttribute('type', 'hidden');\n    input.setAttribute('name', 'ct_checkjs_frm');\n    input.setAttribute('value', '1584744481');\n    for (i = 0; i < document.forms.length; i++) {\n        if (typeof document.forms[i].id == 'string'){\n\t\t\tif(document.forms[i].id.search('form_contact-form2') != -1) {\n            document.forms[i].appendChild(input);\n\t\t\t}\n        }\n    }<\/script>\n<\/form>\n<\/div>\n<\/div><div id=\"div_block-192-127\" class=\"ct-div-block\" ><div id=\"div_block-148-127\" class=\"ct-div-block\" ><div id=\"div_block-405-159\" class=\"ct-div-block\" ><h2 id=\"headline-306-159\" class=\"ct-headline k-footer-headline\"><span id=\"span-307-159\" class=\"ct-span\" ><\/span><\/h2><a id=\"link-311-159\" class=\"ct-link\" href=\"\" target=\"_self\"  ><h2 id=\"headline-850-159\" class=\"ct-headline\"><span id=\"span-852-159\" class=\"ct-span\" ><\/span><\/h2><div id=\"text_block-320-159\" class=\"ct-text-block\" >Inh. <span id=\"span-321-159\" class=\"ct-span\" ><\/span><\/div><div id=\"text_block-324-159\" class=\"ct-text-block\" ><span id=\"span-325-159\" class=\"ct-span\" ><\/span><\/div><div id=\"text_block-327-159\" class=\"ct-text-block\" ><span id=\"span-328-159\" class=\"ct-span\" ><\/span> <span id=\"span-329-159\" class=\"ct-span\" ><\/span><\/div><\/a><a id=\"link-332-159\" class=\"ct-link oxel_icon_button__container\" href=\"tel:\" target=\"_self\"   role=\"button\"><div id=\"fancy_icon-333-159\" class=\"ct-fancy-icon oxel_icon_button_icon\" ><svg id=\"svg-fancy_icon-333-159\"><use xlink:href=\"#FontAwesomeicon-phone\"><\/use><\/svg><\/div><div id=\"text_block-334-159\" class=\"ct-text-block oxel_icon_button_text\" ><span id=\"span-336-159\" class=\"ct-span\" ><\/span><\/div><\/a><a id=\"link-338-159\" class=\"ct-link oxel_icon_button__container\" href=\"https:\/\/api.whatsapp.com\/send?phone=4915156121892&#038;text=Hallo%20kr%C3%BCmelchen-Team%2C%20ich%20habe%20folgende%20Frage%3A\" target=\"_self\"   role=\"button\"><div id=\"fancy_icon-339-159\" class=\"ct-fancy-icon oxel_icon_button_icon\" ><svg id=\"svg-fancy_icon-339-159\"><use xlink:href=\"#FontAwesomeicon-whatsapp\"><\/use><\/svg><\/div><div id=\"text_block-340-159\" class=\"ct-text-block oxel_icon_button_text\" ><span id=\"span-341-159\" class=\"ct-span\" ><\/span><\/div><\/a><a id=\"link-22-315\" class=\"ct-link oxel_icon_button__container\" href=\"http:\/\/deinkruemelchen.timmeserver.de\/kontakt\/\" target=\"_self\"   role=\"button\"><div id=\"fancy_icon-23-315\" class=\"ct-fancy-icon oxel_icon_button_icon\" ><svg id=\"svg-fancy_icon-23-315\"><use xlink:href=\"#FontAwesomeicon-envelope-o\"><\/use><\/svg><\/div><div id=\"text_block-24-315\" class=\"ct-text-block oxel_icon_button_text\" ><span id=\"span-25-315\" class=\"ct-span\" ><\/span><\/div><\/a><\/div><\/div><div id=\"div_block-146-127\" class=\"ct-div-block\" ><div id=\"div_block-404-159\" class=\"ct-div-block\" ><h2 id=\"headline-227-159\" class=\"ct-headline k-footer-headline\"><span id=\"span-228-159\" class=\"ct-span\" ><\/span><\/h2><div id=\"_dynamic_list-239-159\" class=\"oxy-dynamic-list\"><div id=\"div_block-240-159-1\" class=\"ct-div-block\" data-id=\"div_block-240-159\"><div id=\"text_block-265-159-1\" class=\"ct-text-block\" data-id=\"text_block-265-159\"><span id=\"span-274-159\" class=\"ct-span\" >Montag<\/span><\/div><div id=\"text_block-285-159-1\" class=\"ct-text-block\" data-id=\"text_block-285-159\"><span id=\"span-287-159\" class=\"ct-span\" >Ruhetag<\/span><\/div><\/div><div id=\"div_block-240-159-2\" class=\"ct-div-block\" data-id=\"div_block-240-159\"><div id=\"text_block-265-159-2\" class=\"ct-text-block\" data-id=\"text_block-265-159\"><span id=\"span-274-159\" class=\"ct-span\" >Dienstag<\/span><\/div><div id=\"text_block-285-159-2\" class=\"ct-text-block\" data-id=\"text_block-285-159\"><span id=\"span-287-159\" class=\"ct-span\" >10:00 bis 15:00 Uhr<\/span><\/div><\/div><div id=\"div_block-240-159-3\" class=\"ct-div-block\" data-id=\"div_block-240-159\"><div id=\"text_block-265-159-3\" class=\"ct-text-block\" data-id=\"text_block-265-159\"><span id=\"span-274-159\" class=\"ct-span\" >Mittwoch<\/span><\/div><div id=\"text_block-285-159-3\" class=\"ct-text-block\" data-id=\"text_block-285-159\"><span id=\"span-287-159\" class=\"ct-span\" >10:00 bis 18:30 Uhr<\/span><\/div><\/div><div id=\"div_block-240-159-4\" class=\"ct-div-block\" data-id=\"div_block-240-159\"><div id=\"text_block-265-159-4\" class=\"ct-text-block\" data-id=\"text_block-265-159\"><span id=\"span-274-159\" class=\"ct-span\" >Donnerstag<\/span><\/div><div id=\"text_block-285-159-4\" class=\"ct-text-block\" data-id=\"text_block-285-159\"><span id=\"span-287-159\" class=\"ct-span\" >10:00 bis 18:30 Uhr<\/span><\/div><\/div><div id=\"div_block-240-159-5\" class=\"ct-div-block\" data-id=\"div_block-240-159\"><div id=\"text_block-265-159-5\" class=\"ct-text-block\" data-id=\"text_block-265-159\"><span id=\"span-274-159\" class=\"ct-span\" >Freitag<\/span><\/div><div id=\"text_block-285-159-5\" class=\"ct-text-block\" data-id=\"text_block-285-159\"><span id=\"span-287-159\" class=\"ct-span\" >10:00 bis 15:00 Uhr<\/span><\/div><\/div><div id=\"div_block-240-159-6\" class=\"ct-div-block\" data-id=\"div_block-240-159\"><div id=\"text_block-265-159-6\" class=\"ct-text-block\" data-id=\"text_block-265-159\"><span id=\"span-274-159\" class=\"ct-span\" >Samstag<\/span><\/div><div id=\"text_block-285-159-6\" class=\"ct-text-block\" data-id=\"text_block-285-159\"><span id=\"span-287-159\" class=\"ct-span\" >10:00 bis 15:30 Uhr<\/span><\/div><\/div><div id=\"div_block-240-159-7\" class=\"ct-div-block\" data-id=\"div_block-240-159\"><div id=\"text_block-265-159-7\" class=\"ct-text-block\" data-id=\"text_block-265-159\"><span id=\"span-274-159\" class=\"ct-span\" >Trageberatung<\/span><\/div><div id=\"text_block-285-159-7\" class=\"ct-text-block\" data-id=\"text_block-285-159\"><span id=\"span-287-159\" class=\"ct-span\" >Mit Termin auch ausserhalb der \u00d6ffnungszeiten<\/span><\/div><\/div><div id=\"div_block-240-159-8\" class=\"ct-div-block\" data-id=\"div_block-240-159\"><div id=\"text_block-265-159-8\" class=\"ct-text-block\" data-id=\"text_block-265-159\"><span id=\"span-274-159\" class=\"ct-span\" >Onlineshop<\/span><\/div><div id=\"text_block-285-159-8\" class=\"ct-text-block\" data-id=\"text_block-285-159\"><span id=\"span-287-159\" class=\"ct-span\" >Rund um die Uhr<\/span><\/div><\/div><\/div>\n<\/div><\/div><\/div><\/div><\/div><\/div><\/div><\/section><section id=\"section-438-84\" class=\" ct-section\" ><div class=\"ct-section-inner-wrap\"><div id=\"new_columns-439-84\" class=\"ct-new-columns\" ><div id=\"div_block-440-84\" class=\"ct-div-block\" ><img decoding=\"async\" id=\"image-443-84\" alt=\"\" src=\"https:\/\/deinkruemelchen.de\/experten\/wp-content\/uploads\/2023\/10\/IMG_0904-scaled-1.jpg\" class=\"ct-image k-image\" srcset-disabled=\"https:\/\/deinkruemelchen.de\/experten\/wp-content\/uploads\/2023\/10\/IMG_0904-scaled-1.jpg 1440w, https:\/\/deinkruemelchen.de\/experten\/wp-content\/uploads\/2023\/10\/IMG_0904-scaled-1-225x300.jpg 225w, https:\/\/deinkruemelchen.de\/experten\/wp-content\/uploads\/2023\/10\/IMG_0904-scaled-1-768x1024.jpg 768w, https:\/\/deinkruemelchen.de\/experten\/wp-content\/uploads\/2023\/10\/IMG_0904-scaled-1-1152x1536.jpg 1152w\" sizes=\"(max-width: 1440px) 100vw, 1440px\" title=\"\"><\/div><div id=\"div_block-441-84\" class=\"ct-div-block\" ><div id=\"_rich_text-442-84\" class=\"oxy-rich-text\" ><h2><strong>Wir freuen uns auf deinen Besuch!<\/strong><\/h2>\n<p>Das Team rund um Inga K\u00fcpper freut sich darauf, dich bei <em>Dein Kr\u00fcmelchen<\/em> in M\u00fclheim an der Ruhr willkommen zu hei\u00dfen. Bei uns steht die pers\u00f6nliche und individuelle Beratung an erster Stelle \u2013 wir wissen, wie wichtig es ist, dass du und deine Familie sich bei uns gut aufgehoben f\u00fchlt.<\/p>\n<p>Ganz gleich, ob du eine passende Babytrage suchst, den richtigen Kindersitz ben\u00f6tigst oder den idealen Schulranzen f\u00fcr dein Kind ausw\u00e4hlst \u2013 wir sind f\u00fcr dich da und nehmen uns die Zeit, gemeinsam die beste Entscheidung zu treffen.<\/p>\n<p><strong>Bitte denk daran:<\/strong> Damit wir dir die bestm\u00f6gliche Beratung bieten k\u00f6nnen, bitten wir dich, individuelle Beratungstermine vorab online zu buchen. Mit unserem unkomplizierten Buchungssystem kannst du ganz einfach den passenden Termin reservieren. So k\u00f6nnen wir sicherstellen, dass wir uns voll und ganz auf deine W\u00fcnsche konzentrieren und du keine Wartezeiten hast.<\/p>\n<p>Wenn du Fragen hast oder dich vorab informieren m\u00f6chtest, ruf uns gerne an oder schreib uns eine E-Mail \u2013 wir sind jederzeit f\u00fcr dich da. Wir freuen uns darauf, dich bald pers\u00f6nlich bei uns begr\u00fc\u00dfen zu d\u00fcrfen!<\/p><\/div><\/div><\/div><\/div><\/section>","protected":false},"excerpt":{"rendered":"","protected":false},"author":1,"featured_media":515,"parent":0,"menu_order":0,"comment_status":"closed","ping_status":"closed","template":"","meta":{"_acf_changed":false,"footnotes":""},"class_list":["post-84","page","type-page","status-publish","has-post-thumbnail","hentry"],"acf":[],"_links":{"self":[{"href":"https:\/\/deinkruemelchen.de\/experten\/wp-json\/wp\/v2\/pages\/84","targetHints":{"allow":["GET"]}}],"collection":[{"href":"https:\/\/deinkruemelchen.de\/experten\/wp-json\/wp\/v2\/pages"}],"about":[{"href":"https:\/\/deinkruemelchen.de\/experten\/wp-json\/wp\/v2\/types\/page"}],"author":[{"embeddable":true,"href":"https:\/\/deinkruemelchen.de\/experten\/wp-json\/wp\/v2\/users\/1"}],"replies":[{"embeddable":true,"href":"https:\/\/deinkruemelchen.de\/experten\/wp-json\/wp\/v2\/comments?post=84"}],"version-history":[{"count":2,"href":"https:\/\/deinkruemelchen.de\/experten\/wp-json\/wp\/v2\/pages\/84\/revisions"}],"predecessor-version":[{"id":803,"href":"https:\/\/deinkruemelchen.de\/experten\/wp-json\/wp\/v2\/pages\/84\/revisions\/803"}],"wp:featuredmedia":[{"embeddable":true,"href":"https:\/\/deinkruemelchen.de\/experten\/wp-json\/wp\/v2\/media\/515"}],"wp:attachment":[{"href":"https:\/\/deinkruemelchen.de\/experten\/wp-json\/wp\/v2\/media?parent=84"}],"curies":[{"name":"wp","href":"https:\/\/api.w.org\/{rel}","templated":true}]}}